{"id":518,"date":"2024-10-21T15:31:31","date_gmt":"2024-10-21T13:31:31","guid":{"rendered":"https:\/\/mesprojets1219.fr\/boite_a_outil\/?page_id=518"},"modified":"2025-07-08T15:22:32","modified_gmt":"2025-07-08T13:22:32","slug":"documents-federaux","status":"publish","type":"page","link":"https:\/\/www.itineraires-ffrandonnee.fr\/boite_a_outil\/documents-federaux\/","title":{"rendered":"DOCUMENTS F\u00c9D\u00c9RAUX"},"content":{"rendered":"<ul class=\"wp-block-latest-posts__list is-grid columns-2 wp-block-latest-posts\"><li><a class=\"wp-block-latest-posts__post-title\" href=\"https:\/\/www.itineraires-ffrandonnee.fr\/boite_a_outil\/ghl\/\">Homologation des GR\u00ae et GR\u00ae de Pays<\/a><div class=\"wp-block-latest-posts__post-excerpt\">je souhaite : La d\u00e9marche : La cr\u00e9ation et la gestion des itin\u00e9raires font partie int\u00e9grante des missions des CSI. Seuls les itin\u00e9raires homologu\u00e9s en GR\u00ae ou GR\u00ae de Pays permettent d\u2019apposer un balisage f\u00e9d\u00e9ral, constitutif d\u2019une marque d\u00e9pos\u00e9e \u00e0 l\u2019INPI (Institut National de la Propri\u00e9t\u00e9 Intellectuelle). La F\u00e9d\u00e9ration tient \u00e0 la disposition de tout \u2026<\/div><a href=\"https:\/\/www.itineraires-ffrandonnee.fr\/boite_a_outil\/ghl\/\" class=\"custom-read-more-btn\">En savoir plus<\/a><\/li>\n<li><a class=\"wp-block-latest-posts__post-title\" href=\"https:\/\/www.itineraires-ffrandonnee.fr\/boite_a_outil\/labellisation-des-pr\/\">Labellisation des PR<\/a><div class=\"wp-block-latest-posts__post-excerpt\">La FFRandonn\u00e9e s\u2019est engag\u00e9e depuis plus de 60 ans pour garantir la qualit\u00e9 des itin\u00e9raires de randonn\u00e9es en attribuant l\u2019homologation en GR\u00ae et GR\u00ae de Pays. En parall\u00e8le, la Labellisation d\u2019un itin\u00e9raire PR, n\u00e9e en 2013, est une proc\u00e9dure par laquelle la FFRandonn\u00e9e atteste la qualit\u00e9 d\u2019un itin\u00e9raire de randonn\u00e9e conform\u00e9ment \u00e0 un cahier des \u2026<\/div><a href=\"https:\/\/www.itineraires-ffrandonnee.fr\/boite_a_outil\/labellisation-des-pr\/\" class=\"custom-read-more-btn\">En savoir plus<\/a><\/li>\n<li><a class=\"wp-block-latest-posts__post-title\" href=\"https:\/\/www.itineraires-ffrandonnee.fr\/boite_a_outil\/marques-federales\/\">Marques f\u00e9d\u00e9rales<\/a><div class=\"wp-block-latest-posts__post-excerpt\">Les Marques f\u00e9d\u00e9rales La FFRandonn\u00e9e d\u00e9tient plusieurs marques d\u00e9pos\u00e9es \u00e0 l\u2019Institut National de la Propri\u00e9t\u00e9 Industrielle, qui peuvent \u00eatre verbales, figuratives ou semi-figuratives, et sont prot\u00e9g\u00e9es pendant dix ans. Elle utilise aussi des marques collectives permettant \u00e0 plusieurs acteurs de se regrouper sous un m\u00eame label garantissant la qualit\u00e9 ou l\u2019origine des produits ou services. \u2026<\/div><a href=\"https:\/\/www.itineraires-ffrandonnee.fr\/boite_a_outil\/marques-federales\/\" class=\"custom-read-more-btn\">En savoir plus<\/a><\/li>\n<\/ul>\n\n\n<p><\/p>\n","protected":false},"excerpt":{"rendered":"","protected":false},"author":1,"featured_media":0,"parent":0,"menu_order":0,"comment_status":"closed","ping_status":"closed","template":"","meta":{"_acf_changed":false,"footnotes":""},"class_list":["post-518","page","type-page","status-publish","hentry"],"acf":[],"aioseo_notices":[],"jetpack_sharing_enabled":true,"_links":{"self":[{"href":"https:\/\/www.itineraires-ffrandonnee.fr\/boite_a_outil\/wp-json\/wp\/v2\/pages\/518","targetHints":{"allow":["GET"]}}],"collection":[{"href":"https:\/\/www.itineraires-ffrandonnee.fr\/boite_a_outil\/wp-json\/wp\/v2\/pages"}],"about":[{"href":"https:\/\/www.itineraires-ffrandonnee.fr\/boite_a_outil\/wp-json\/wp\/v2\/types\/page"}],"author":[{"embeddable":true,"href":"https:\/\/www.itineraires-ffrandonnee.fr\/boite_a_outil\/wp-json\/wp\/v2\/users\/1"}],"replies":[{"embeddable":true,"href":"https:\/\/www.itineraires-ffrandonnee.fr\/boite_a_outil\/wp-json\/wp\/v2\/comments?post=518"}],"version-history":[{"count":6,"href":"https:\/\/www.itineraires-ffrandonnee.fr\/boite_a_outil\/wp-json\/wp\/v2\/pages\/518\/revisions"}],"predecessor-version":[{"id":1618,"href":"https:\/\/www.itineraires-ffrandonnee.fr\/boite_a_outil\/wp-json\/wp\/v2\/pages\/518\/revisions\/1618"}],"wp:attachment":[{"href":"https:\/\/www.itineraires-ffrandonnee.fr\/boite_a_outil\/wp-json\/wp\/v2\/media?parent=518"}],"curies":[{"name":"wp","href":"https:\/\/api.w.org\/{rel}","templated":true}]}}