{"id":455,"date":"2024-10-14T10:34:11","date_gmt":"2024-10-14T08:34:11","guid":{"rendered":"https:\/\/mesprojets1219.fr\/boite_a_outil\/?page_id=455"},"modified":"2025-07-03T14:29:55","modified_gmt":"2025-07-03T12:29:55","slug":"edition-et-publication","status":"publish","type":"page","link":"https:\/\/www.itineraires-ffrandonnee.fr\/boite_a_outil\/edition-et-publication\/","title":{"rendered":"EDITION ET PUBLICATION"},"content":{"rendered":"\n<h2 class=\"wp-block-heading\">EDITION ET PUBLICATION : M\u00e9tiers phare de la FFRandonn\u00e9e<\/h2>\n\n\n\n<h3 class=\"wp-block-heading\"><strong><strong>Renforcement de la propri\u00e9t\u00e9 intellectuelle et valorisation aupr\u00e8s des collectivit\u00e9s<\/strong><\/strong><\/h3>\n\n\n\n<p><br>L&rsquo;\u00e9dition et la promotion des itin\u00e9raires permettent de consolider la propri\u00e9t\u00e9 intellectuelle des itin\u00e9raires. En publiant des contenus qualifi\u00e9s par ses comit\u00e9s et\/ou par le si\u00e8ge, la f\u00e9d\u00e9ration prot\u00e8ge son savoir-faire. Ce processus met \u00e9galement en valeur le travail de tous les acteurs impliqu\u00e9s (b\u00e9n\u00e9voles, \u00e9lus et salari\u00e9s du comit\u00e9), tout en renfor\u00e7ant la cr\u00e9dibilit\u00e9 aupr\u00e8s des collectivit\u00e9s et autres structures partenaires qui reconnaissent la rigueur et le professionnalisme des comit\u00e9s d\u00e9partementaux et r\u00e9gionaux. Des itin\u00e9raires publi\u00e9s et mis \u00e0 jour fr\u00e9quemment sont un gage de p\u00e9rennit\u00e9.<\/p>\n\n\n\n<h3 class=\"wp-block-heading\"><strong><strong>Valorisation des itin\u00e9raires et de la FFRandonn\u00e9e<\/strong><\/strong><\/h3>\n\n\n\n<p><br>La mise en forme \u00e9ditoriale de qualit\u00e9 offre une vitrine remarquable aux itin\u00e9raires et contribue \u00e0 la promotion de la randonn\u00e9e. Chaque publication est une opportunit\u00e9 de valoriser non seulement le parcours lui-m\u00eame, mais aussi l&rsquo;engagement et l&rsquo;expertise de la f\u00e9d\u00e9ration. Cette d\u00e9marche affirme l&rsquo;expertise de la FFRandonn\u00e9e, favorise l&rsquo;adh\u00e9sion des randonneurs et renforce la notori\u00e9t\u00e9 aupr\u00e8s d\u2019un public diversifi\u00e9, allant des randonneurs sur de grandes itin\u00e9rances ou sur des parcours \u00e0 la journ\u00e9e, aux partenaires institutionnels. En suivant ce lien, vous acc\u00e9derez \u00e0 la&nbsp;<a class=\"\" href=\"https:\/\/sway.office.com\/xwcHpkUTnQYBdrsE\" target=\"_blank\" rel=\"noreferrer noopener\">bo\u00eete \u00e0 outil des Editions FFRandonn\u00e9e \u00ab&nbsp;Charte Editoriale&nbsp;\u00bb<\/a> qui vous aidera \u00e0 r\u00e9aliser vos projets d&rsquo;\u00e9dition d&rsquo;itin\u00e9raires.&nbsp;<\/p>\n\n\n\n<h2 class=\"wp-block-heading\"><strong>La cha\u00eene num\u00e9rique des produits \u00e9ditoriaux<\/strong><\/h2>\n\n\n\n<p>Pour atteindre ces objectifs, nous recommandons de suivre la cha\u00eene num\u00e9rique de la FFRandonn\u00e9e, allant de la num\u00e9risation des itin\u00e9raires (Websig) \u00e0 la conception de contenus \u00e9ditoriaux (Publiweb). La digitalisation permet d&rsquo;assurer la qualit\u00e9, l\u2019exactitude et la conservation des donn\u00e9es tout en facilitant leur transformation en supports papiers (Topo-guides, Topocartes ou RandoFiches) ou sur des canaux num\u00e9riques (MaRando et MonGR). Pour en savoir plus sur le processus, vous pouvez vous rendre sur cette page&nbsp;: <a href=\"https:\/\/www.itineraires-ffrandonnee.fr\/boite_a_outil\/suivre-la-numerisation-des-itineraires-et-les-promouvoir\/\" title=\"La num\u00e9risation des itin\u00e9raires et leur promotion\">La num\u00e9risation des itin\u00e9raires et leur promotion<\/a><\/p>\n\n\n\n<h2 class=\"wp-block-heading\">Exemple de documents r\u00e9alis\u00e9 par les Comit\u00e9s li\u00e9s aux itin\u00e9raires<\/h2>\n\n\n\n<ul class=\"wp-block-list\">\n<li>Le comit\u00e9 r\u00e9gional AURA, en collaboration avec les comit\u00e9s de la r\u00e9gion, a \u00e9labor\u00e9 un livret-catalogue intitul\u00e9 \u00ab\u202f<strong>37 Micro-aventures en r\u00e9gion Auvergne-Rh\u00f4ne-Alpes<\/strong><mark style=\"background-color:rgba(0, 0, 0, 0)\" class=\"has-inline-color has-accent-1-color\">\u202f<\/mark>\u00bb. Il recense des courtes itin\u00e9rances (de 2 \u00e0 5 jours) accessibles en transports en commun. Ce livret est disponible en ligne <a href=\"https:\/\/www.calameo.com\/read\/0030987969ea7597a33d0\" target=\"_blank\" rel=\"noopener\" title=\"\">en cliquant ici. <\/a><\/li>\n<\/ul>\n\n\n\n<h2 class=\"wp-block-heading\">Exemple de documents r\u00e9alis\u00e9 par les Comit\u00e9s pour de l&rsquo;information aux randonneurs <\/h2>\n\n\n\n<ul class=\"wp-block-list\">\n<li>Un livret \u00ab\u00a0<a href=\"https:\/\/cdrp09.com\/wp-content\/uploads\/2025\/06\/livret_reussir_ma_rando_2025.pdf\" target=\"_blank\" rel=\"noopener\" title=\"\">R\u00e9ussir sa randonn\u00e9e<\/a>\u00a0\u00bb r\u00e9alis\u00e9 par le Comit\u00e9 de l&rsquo;Ari\u00e8ge. On y retrouve des conseils essentiels pour pr\u00e9parer sa sortie, se rep\u00e9rer, adopter les bons comportements en milieu naturel et cohabiter avec les autres usagers du territoire (CDRP09, 2025)<\/li>\n<\/ul>\n\n\n\n<p><\/p>\n","protected":false},"excerpt":{"rendered":"<p>EDITION ET PUBLICATION : M\u00e9tiers phare de la FFRandonn\u00e9e Renforcement de la propri\u00e9t\u00e9 intellectuelle et valorisation aupr\u00e8s des collectivit\u00e9s L&rsquo;\u00e9dition et la promotion des itin\u00e9raires &hellip;<\/p>\n","protected":false},"author":1,"featured_media":0,"parent":0,"menu_order":0,"comment_status":"closed","ping_status":"closed","template":"","meta":{"_acf_changed":false,"footnotes":""},"class_list":["post-455","page","type-page","status-publish","hentry"],"acf":[],"aioseo_notices":[],"jetpack_sharing_enabled":true,"_links":{"self":[{"href":"https:\/\/www.itineraires-ffrandonnee.fr\/boite_a_outil\/wp-json\/wp\/v2\/pages\/455","targetHints":{"allow":["GET"]}}],"collection":[{"href":"https:\/\/www.itineraires-ffrandonnee.fr\/boite_a_outil\/wp-json\/wp\/v2\/pages"}],"about":[{"href":"https:\/\/www.itineraires-ffrandonnee.fr\/boite_a_outil\/wp-json\/wp\/v2\/types\/page"}],"author":[{"embeddable":true,"href":"https:\/\/www.itineraires-ffrandonnee.fr\/boite_a_outil\/wp-json\/wp\/v2\/users\/1"}],"replies":[{"embeddable":true,"href":"https:\/\/www.itineraires-ffrandonnee.fr\/boite_a_outil\/wp-json\/wp\/v2\/comments?post=455"}],"version-history":[{"count":14,"href":"https:\/\/www.itineraires-ffrandonnee.fr\/boite_a_outil\/wp-json\/wp\/v2\/pages\/455\/revisions"}],"predecessor-version":[{"id":1588,"href":"https:\/\/www.itineraires-ffrandonnee.fr\/boite_a_outil\/wp-json\/wp\/v2\/pages\/455\/revisions\/1588"}],"wp:attachment":[{"href":"https:\/\/www.itineraires-ffrandonnee.fr\/boite_a_outil\/wp-json\/wp\/v2\/media?parent=455"}],"curies":[{"name":"wp","href":"https:\/\/api.w.org\/{rel}","templated":true}]}}