{"id":453,"date":"2024-10-14T10:32:51","date_gmt":"2024-10-14T08:32:51","guid":{"rendered":"https:\/\/mesprojets1219.fr\/boite_a_outil\/?page_id=453"},"modified":"2025-04-14T11:37:21","modified_gmt":"2025-04-14T09:37:21","slug":"environnement-et-defense-des-chemins","status":"publish","type":"page","link":"https:\/\/www.itineraires-ffrandonnee.fr\/boite_a_outil\/environnement-et-defense-des-chemins\/","title":{"rendered":"ENVIRONNEMENT ET D\u00c9FENSE DES CHEMINS"},"content":{"rendered":"<ul class=\"wp-block-latest-posts__list is-grid columns-2 wp-block-latest-posts\"><li><a class=\"wp-block-latest-posts__post-title\" href=\"https:\/\/www.itineraires-ffrandonnee.fr\/boite_a_outil\/assurer-la-perennite-des-itineraires-federaux\/\">Assurer la p\u00e9rennit\u00e9 des itin\u00e9raires f\u00e9d\u00e9raux<\/a><div class=\"wp-block-latest-posts__post-excerpt\">1. Ressources juridiques pour la gestion et la s\u00e9curisation des sentiers 2. Les Droits de Propri\u00e9t\u00e9 intellectuelle (DPI) assurant le respect de la politique f\u00e9d\u00e9rale 3. Signaler les incidents sur les sentiers gr\u00e2ce au dispositif national SURICATE Il vous permet de veiller \u00e0 assurer l\u2019acc\u00e8s aux itin\u00e9raires, contribuer \u00e0 leur bonne gestion et aider \u00e0 \u2026<\/div><a href=\"https:\/\/www.itineraires-ffrandonnee.fr\/boite_a_outil\/assurer-la-perennite-des-itineraires-federaux\/\" class=\"custom-read-more-btn\">En savoir plus<\/a><\/li>\n<li><a class=\"wp-block-latest-posts__post-title\" href=\"https:\/\/www.itineraires-ffrandonnee.fr\/boite_a_outil\/sensibiliser-les-acteurs-du-territoire-a-la-protection-des-chemins\/\">Sensibiliser les acteurs du territoire \u00e0 la protection des chemins<\/a><div class=\"wp-block-latest-posts__post-excerpt\">La d\u00e9marche : Les CSI peuvent \u00eatre amen\u00e9s \u00e0 intervenir dans le domaine de la pr\u00e9servation des chemins ruraux (ou chemins ayant d\u2019autres statuts) qui constituent le support des itin\u00e9raires de randonn\u00e9e p\u00e9destre.Plusieurs cas de figure sont possibles : Protection des chemins ruraux et accompagnement des CSI dans la sensibilisation des acteurs du territoire Urbanisme \u2026<\/div><a href=\"https:\/\/www.itineraires-ffrandonnee.fr\/boite_a_outil\/sensibiliser-les-acteurs-du-territoire-a-la-protection-des-chemins\/\" class=\"custom-read-more-btn\">En savoir plus<\/a><\/li>\n<\/ul>","protected":false},"excerpt":{"rendered":"","protected":false},"author":1,"featured_media":0,"parent":0,"menu_order":0,"comment_status":"closed","ping_status":"closed","template":"","meta":{"_acf_changed":false,"footnotes":""},"class_list":["post-453","page","type-page","status-publish","hentry"],"acf":[],"aioseo_notices":[],"jetpack_sharing_enabled":true,"_links":{"self":[{"href":"https:\/\/www.itineraires-ffrandonnee.fr\/boite_a_outil\/wp-json\/wp\/v2\/pages\/453","targetHints":{"allow":["GET"]}}],"collection":[{"href":"https:\/\/www.itineraires-ffrandonnee.fr\/boite_a_outil\/wp-json\/wp\/v2\/pages"}],"about":[{"href":"https:\/\/www.itineraires-ffrandonnee.fr\/boite_a_outil\/wp-json\/wp\/v2\/types\/page"}],"author":[{"embeddable":true,"href":"https:\/\/www.itineraires-ffrandonnee.fr\/boite_a_outil\/wp-json\/wp\/v2\/users\/1"}],"replies":[{"embeddable":true,"href":"https:\/\/www.itineraires-ffrandonnee.fr\/boite_a_outil\/wp-json\/wp\/v2\/comments?post=453"}],"version-history":[{"count":2,"href":"https:\/\/www.itineraires-ffrandonnee.fr\/boite_a_outil\/wp-json\/wp\/v2\/pages\/453\/revisions"}],"predecessor-version":[{"id":464,"href":"https:\/\/www.itineraires-ffrandonnee.fr\/boite_a_outil\/wp-json\/wp\/v2\/pages\/453\/revisions\/464"}],"wp:attachment":[{"href":"https:\/\/www.itineraires-ffrandonnee.fr\/boite_a_outil\/wp-json\/wp\/v2\/media?parent=453"}],"curies":[{"name":"wp","href":"https:\/\/api.w.org\/{rel}","templated":true}]}}