{"id":451,"date":"2024-10-14T10:30:54","date_gmt":"2024-10-14T08:30:54","guid":{"rendered":"https:\/\/mesprojets1219.fr\/boite_a_outil\/?page_id=451"},"modified":"2025-11-18T16:29:54","modified_gmt":"2025-11-18T15:29:54","slug":"expertise-et-prestations","status":"publish","type":"page","link":"https:\/\/www.itineraires-ffrandonnee.fr\/boite_a_outil\/expertise-et-prestations\/","title":{"rendered":"EXPERTISE ET PRESTATIONS"},"content":{"rendered":"<ul class=\"wp-block-latest-posts__list is-grid columns-2 wp-block-latest-posts\"><li><a class=\"wp-block-latest-posts__post-title\" href=\"https:\/\/www.itineraires-ffrandonnee.fr\/boite_a_outil\/comment-capter-la-collectivite\/\">Comment s\u00e9duire la collectivit\u00e9 ?<\/a><div class=\"wp-block-latest-posts__post-excerpt\">En tant que structure r\u00e9f\u00e9rente pour le d\u00e9veloppement de la pratique de la randonn\u00e9e p\u00e9destre en France, votre Comit\u00e9 se positionne aujourd\u2019hui comme un v\u00e9ritable expert aupr\u00e8s des acteurs locaux. La valorisation de cette expertise se traduit aujourd\u2019hui par une demande d\u2019appuis, de conseils ou de prestations, afin de favoriser le d\u00e9veloppement et le suivi \u2026<\/div><a href=\"https:\/\/www.itineraires-ffrandonnee.fr\/boite_a_outil\/comment-capter-la-collectivite\/\" class=\"custom-read-more-btn\">En savoir plus<\/a><\/li>\n<li><a class=\"wp-block-latest-posts__post-title\" href=\"https:\/\/www.itineraires-ffrandonnee.fr\/boite_a_outil\/quelle-prestation-proposer-a-la-collectivite\/\">Quelles prestations proposer \u00e0 la collectivit\u00e9 ?<\/a><div class=\"wp-block-latest-posts__post-excerpt\">Vous pouvez \u00eatre amen\u00e9s \u00e0 proposer de nombreux services aupr\u00e8s de vos partenaires territoriaux. Sont pr\u00e9sent\u00e9es et d\u00e9taill\u00e9es dans ce chapitre, les prestations de services suivantes. De nouvelles prestations seront ajout\u00e9es au fil de l\u2019eau. Vous pouvez pour chacun des items, t\u00e9l\u00e9charger des fiches en format word qui vous serviront de feuille de route : \u2026<\/div><a href=\"https:\/\/www.itineraires-ffrandonnee.fr\/boite_a_outil\/quelle-prestation-proposer-a-la-collectivite\/\" class=\"custom-read-more-btn\">En savoir plus<\/a><\/li>\n<li><a class=\"wp-block-latest-posts__post-title\" href=\"https:\/\/www.itineraires-ffrandonnee.fr\/boite_a_outil\/a-quel-prix\/\">A quel prix ?<\/a><div class=\"wp-block-latest-posts__post-excerpt\">Con\u00e7u sous la forme d\u2019une bo\u00eete \u00e0 outils, nous avons voulu r\u00e9pondre \u00e0 vos attentes en vous proposant \u00e0 la fois une m\u00e9thodologie de calcul vous permettant de d\u00e9terminer le co\u00fbt de vos services et leur prix de vente dans le cas d\u2019une prestation, ainsi qu\u2019un r\u00e9f\u00e9rentiel en mati\u00e8re de tarifs. Ces outils ont pour \u2026<\/div><a href=\"https:\/\/www.itineraires-ffrandonnee.fr\/boite_a_outil\/a-quel-prix\/\" class=\"custom-read-more-btn\">En savoir plus<\/a><\/li>\n<li><a class=\"wp-block-latest-posts__post-title\" href=\"https:\/\/www.itineraires-ffrandonnee.fr\/boite_a_outil\/pour-aller-plus-loin\/\">Pour aller plus loin\u2026<\/a><div class=\"wp-block-latest-posts__post-excerpt\">Des \u00e9l\u00e9ments sur la franchise en base TVA sont disponible dans l\u2019article \u00ab\u00a0R\u00e8glementation &amp; fiscalit\u00e9\u00ab\u00a0. Un article \u00ab\u00a0volet juridique\u00a0\u00bb sera prochainement ajout\u00e9 : vous comprendrez l\u2019importance de participer, au niveau local, \u00e0 la protection des droits de propri\u00e9t\u00e9 intellectuelle f\u00e9d\u00e9raux, notamment sur les itin\u00e9raires. Des clauses types compl\u00e8tent certains d\u00e9veloppements afin de fournir aux Comit\u00e9s \u2026<\/div><a href=\"https:\/\/www.itineraires-ffrandonnee.fr\/boite_a_outil\/pour-aller-plus-loin\/\" class=\"custom-read-more-btn\">En savoir plus<\/a><\/li>\n<\/ul>\n\n\n<p><\/p>\n","protected":false},"excerpt":{"rendered":"","protected":false},"author":1,"featured_media":0,"parent":0,"menu_order":0,"comment_status":"closed","ping_status":"closed","template":"","meta":{"_acf_changed":false,"footnotes":""},"class_list":["post-451","page","type-page","status-publish","hentry"],"acf":[],"aioseo_notices":[],"jetpack_sharing_enabled":true,"_links":{"self":[{"href":"https:\/\/www.itineraires-ffrandonnee.fr\/boite_a_outil\/wp-json\/wp\/v2\/pages\/451","targetHints":{"allow":["GET"]}}],"collection":[{"href":"https:\/\/www.itineraires-ffrandonnee.fr\/boite_a_outil\/wp-json\/wp\/v2\/pages"}],"about":[{"href":"https:\/\/www.itineraires-ffrandonnee.fr\/boite_a_outil\/wp-json\/wp\/v2\/types\/page"}],"author":[{"embeddable":true,"href":"https:\/\/www.itineraires-ffrandonnee.fr\/boite_a_outil\/wp-json\/wp\/v2\/users\/1"}],"replies":[{"embeddable":true,"href":"https:\/\/www.itineraires-ffrandonnee.fr\/boite_a_outil\/wp-json\/wp\/v2\/comments?post=451"}],"version-history":[{"count":8,"href":"https:\/\/www.itineraires-ffrandonnee.fr\/boite_a_outil\/wp-json\/wp\/v2\/pages\/451\/revisions"}],"predecessor-version":[{"id":1491,"href":"https:\/\/www.itineraires-ffrandonnee.fr\/boite_a_outil\/wp-json\/wp\/v2\/pages\/451\/revisions\/1491"}],"wp:attachment":[{"href":"https:\/\/www.itineraires-ffrandonnee.fr\/boite_a_outil\/wp-json\/wp\/v2\/media?parent=451"}],"curies":[{"name":"wp","href":"https:\/\/api.w.org\/{rel}","templated":true}]}}