{"id":449,"date":"2024-10-14T10:30:15","date_gmt":"2024-10-14T08:30:15","guid":{"rendered":"https:\/\/mesprojets1219.fr\/boite_a_outil\/?page_id=449"},"modified":"2025-04-14T11:36:31","modified_gmt":"2025-04-14T09:36:31","slug":"organisation-commission-sentiers-et-itineraires","status":"publish","type":"page","link":"https:\/\/www.itineraires-ffrandonnee.fr\/boite_a_outil\/organisation-commission-sentiers-et-itineraires\/","title":{"rendered":"ORGANISATION COMMISSION SENTIERS ET ITIN\u00c9RAIRES"},"content":{"rendered":"<ul class=\"wp-block-latest-posts__list is-grid columns-2 wp-block-latest-posts\"><li><a class=\"wp-block-latest-posts__post-title\" href=\"https:\/\/www.itineraires-ffrandonnee.fr\/boite_a_outil\/fiche-metier-du-president-de-la-cdsi\/\">Fiche m\u00e9tier du pr\u00e9sident de la CDSI<\/a><div class=\"wp-block-latest-posts__post-excerpt\">Vous trouverez ci-dessous la fiche m\u00e9tier du pr\u00e9sident de la CDSI, r\u00e9alis\u00e9e en collaboration avec le service Formation. Ce document a \u00e9t\u00e9 \u00e9labor\u00e9 en janvier 2026. Cette fiche m\u00e9tier pr\u00e9sente les objectifs principaux de la mission d\u2019un pr\u00e9sident de CDSI, ses pr\u00e9rogatives ainsi qu\u2019une description d\u00e9taill\u00e9e de ses mission. Vous pouvez la t\u00e9l\u00e9charger via ce \u2026<\/div><a href=\"https:\/\/www.itineraires-ffrandonnee.fr\/boite_a_outil\/fiche-metier-du-president-de-la-cdsi\/\" class=\"custom-read-more-btn\">En savoir plus<\/a><\/li>\n<li><a class=\"wp-block-latest-posts__post-title\" href=\"https:\/\/www.itineraires-ffrandonnee.fr\/boite_a_outil\/gouvernance-de-la-csi\/\">Gouvernance de la CSI<\/a><div class=\"wp-block-latest-posts__post-excerpt\">La CSI est charg\u00e9e de la coordination et du d\u00e9veloppement des itin\u00e9raires de randonn\u00e9e dans le cadre de la politique d\u00e9finie par la FFRandonn\u00e9e et en application des statuts types des comit\u00e9s r\u00e9gionaux et d\u00e9partementaux. Afin de remplir pleinement ses objectifs, la CSI, pilot\u00e9e par sa ou son pr\u00e9sident.e , peut adopter des formes de \u2026<\/div><a href=\"https:\/\/www.itineraires-ffrandonnee.fr\/boite_a_outil\/gouvernance-de-la-csi\/\" class=\"custom-read-more-btn\">En savoir plus<\/a><\/li>\n<\/ul>","protected":false},"excerpt":{"rendered":"","protected":false},"author":1,"featured_media":0,"parent":0,"menu_order":0,"comment_status":"closed","ping_status":"closed","template":"","meta":{"_acf_changed":false,"footnotes":""},"class_list":["post-449","page","type-page","status-publish","hentry"],"acf":[],"aioseo_notices":[],"jetpack_sharing_enabled":true,"_links":{"self":[{"href":"https:\/\/www.itineraires-ffrandonnee.fr\/boite_a_outil\/wp-json\/wp\/v2\/pages\/449","targetHints":{"allow":["GET"]}}],"collection":[{"href":"https:\/\/www.itineraires-ffrandonnee.fr\/boite_a_outil\/wp-json\/wp\/v2\/pages"}],"about":[{"href":"https:\/\/www.itineraires-ffrandonnee.fr\/boite_a_outil\/wp-json\/wp\/v2\/types\/page"}],"author":[{"embeddable":true,"href":"https:\/\/www.itineraires-ffrandonnee.fr\/boite_a_outil\/wp-json\/wp\/v2\/users\/1"}],"replies":[{"embeddable":true,"href":"https:\/\/www.itineraires-ffrandonnee.fr\/boite_a_outil\/wp-json\/wp\/v2\/comments?post=449"}],"version-history":[{"count":4,"href":"https:\/\/www.itineraires-ffrandonnee.fr\/boite_a_outil\/wp-json\/wp\/v2\/pages\/449\/revisions"}],"predecessor-version":[{"id":1257,"href":"https:\/\/www.itineraires-ffrandonnee.fr\/boite_a_outil\/wp-json\/wp\/v2\/pages\/449\/revisions\/1257"}],"wp:attachment":[{"href":"https:\/\/www.itineraires-ffrandonnee.fr\/boite_a_outil\/wp-json\/wp\/v2\/media?parent=449"}],"curies":[{"name":"wp","href":"https:\/\/api.w.org\/{rel}","templated":true}]}}