{"id":447,"date":"2024-10-14T10:28:57","date_gmt":"2024-10-14T08:28:57","guid":{"rendered":"https:\/\/mesprojets1219.fr\/boite_a_outil\/?page_id=447"},"modified":"2025-04-17T14:45:07","modified_gmt":"2025-04-17T12:45:07","slug":"amenagement-du-territoire","status":"publish","type":"page","link":"https:\/\/www.itineraires-ffrandonnee.fr\/boite_a_outil\/amenagement-du-territoire\/","title":{"rendered":"AM\u00c9NAGEMENT DU TERRITOIRE"},"content":{"rendered":"<ul class=\"wp-block-latest-posts__list is-grid columns-2 wp-block-latest-posts\"><li><a class=\"wp-block-latest-posts__post-title\" href=\"https:\/\/www.itineraires-ffrandonnee.fr\/boite_a_outil\/conduite-de-projet-adaptee-au-developpement-des-itineraires\/\">Conduite de projet pour le d\u00e9veloppement des itin\u00e9raires<\/a><div class=\"wp-block-latest-posts__post-excerpt\">La d\u00e9marche : Afin de mener l\u2019ensemble de ses missions, la CSI est amen\u00e9e \u00e0 conduire un ou plusieurs projets en parall\u00e8le. Il peut s\u2019agir, en autres, de projets de requalification ou de cr\u00e9ation d\u2019itin\u00e9raires, mais cela implique d\u2019\u00e9tablir l\u2019organisation, les activit\u00e9s et les moyens n\u00e9cessaires pour arriver au r\u00e9sultat souhait\u00e9. Nous vous pr\u00e9sentons ici diff\u00e9rentes m\u00e9thodes. Des documents sont \u00e0 \u2026<\/div><a href=\"https:\/\/www.itineraires-ffrandonnee.fr\/boite_a_outil\/conduite-de-projet-adaptee-au-developpement-des-itineraires\/\" class=\"custom-read-more-btn\">En savoir plus<\/a><\/li>\n<li><a class=\"wp-block-latest-posts__post-title\" href=\"https:\/\/www.itineraires-ffrandonnee.fr\/boite_a_outil\/inclusion-et-accessibilite-des-cheminements-en-milieu-naturel\/\">Inclusion et accessibilit\u00e9 des cheminements en milieu naturel<\/a><div class=\"wp-block-latest-posts__post-excerpt\">Am\u00e9nager pour am\u00e9liorer l\u2019accessibilit\u00e9 des itin\u00e9raires aux PMR Cette rubrique s\u2019adresse \u00e0 toute CDSI qui souhaite collaborer au d\u00e9veloppement de projets d\u2019itin\u00e9raires favorisant l\u2019inclusion de personnes en situation de handicap en espaces naturels Dans un contexte o\u00f9 la nature devient un refuge essentiel face \u00e0 l\u2019intensit\u00e9 de la vie urbaine, garantir \u00e0 chacun l\u2019acc\u00e8s aux espaces naturels constitue un enjeu soci\u00e9tal \u2026<\/div><a href=\"https:\/\/www.itineraires-ffrandonnee.fr\/boite_a_outil\/inclusion-et-accessibilite-des-cheminements-en-milieu-naturel\/\" class=\"custom-read-more-btn\">En savoir plus<\/a><\/li>\n<li><a class=\"wp-block-latest-posts__post-title\" href=\"https:\/\/www.itineraires-ffrandonnee.fr\/boite_a_outil\/schema-de-coherence-des-itineraires\/\">Sch\u00e9mas de coh\u00e9rence des itin\u00e9raires<\/a><div class=\"wp-block-latest-posts__post-excerpt\">La d\u00e9marche : Les itin\u00e9raires s\u2019\u00e9chelonnent en trois niveaux d\u2019enjeux : le niveau national, r\u00e9gional et le d\u00e9partemental. Le r\u00f4le des CSI est de veiller \u00e0 la bonne imbrication de ces \u00e9chelles et peut se traduire par le d\u00e9veloppement d\u2019un sch\u00e9ma r\u00e9gional de coh\u00e9rence visant \u00e0 requalifier et valoriser des GR\u00ae et GR\u00ae de Pays. La connaissance de l\u2019\u00e9tat du r\u00e9seau \u2026<\/div><a href=\"https:\/\/www.itineraires-ffrandonnee.fr\/boite_a_outil\/schema-de-coherence-des-itineraires\/\" class=\"custom-read-more-btn\">En savoir plus<\/a><\/li>\n<\/ul>\n\n\n<p><\/p>\n","protected":false},"excerpt":{"rendered":"","protected":false},"author":1,"featured_media":0,"parent":0,"menu_order":0,"comment_status":"closed","ping_status":"closed","template":"","meta":{"_acf_changed":false,"footnotes":""},"class_list":["post-447","page","type-page","status-publish","hentry"],"acf":[],"aioseo_notices":[],"jetpack_sharing_enabled":true,"_links":{"self":[{"href":"https:\/\/www.itineraires-ffrandonnee.fr\/boite_a_outil\/wp-json\/wp\/v2\/pages\/447","targetHints":{"allow":["GET"]}}],"collection":[{"href":"https:\/\/www.itineraires-ffrandonnee.fr\/boite_a_outil\/wp-json\/wp\/v2\/pages"}],"about":[{"href":"https:\/\/www.itineraires-ffrandonnee.fr\/boite_a_outil\/wp-json\/wp\/v2\/types\/page"}],"author":[{"embeddable":true,"href":"https:\/\/www.itineraires-ffrandonnee.fr\/boite_a_outil\/wp-json\/wp\/v2\/users\/1"}],"replies":[{"embeddable":true,"href":"https:\/\/www.itineraires-ffrandonnee.fr\/boite_a_outil\/wp-json\/wp\/v2\/comments?post=447"}],"version-history":[{"count":6,"href":"https:\/\/www.itineraires-ffrandonnee.fr\/boite_a_outil\/wp-json\/wp\/v2\/pages\/447\/revisions"}],"predecessor-version":[{"id":1331,"href":"https:\/\/www.itineraires-ffrandonnee.fr\/boite_a_outil\/wp-json\/wp\/v2\/pages\/447\/revisions\/1331"}],"wp:attachment":[{"href":"https:\/\/www.itineraires-ffrandonnee.fr\/boite_a_outil\/wp-json\/wp\/v2\/media?parent=447"}],"curies":[{"name":"wp","href":"https:\/\/api.w.org\/{rel}","templated":true}]}}