{"id":445,"date":"2024-10-14T10:27:36","date_gmt":"2024-10-14T08:27:36","guid":{"rendered":"https:\/\/mesprojets1219.fr\/boite_a_outil\/?page_id=445"},"modified":"2025-04-04T16:54:10","modified_gmt":"2025-04-04T14:54:10","slug":"outils-numeriques-au-service-des-itineraires","status":"publish","type":"page","link":"https:\/\/www.itineraires-ffrandonnee.fr\/boite_a_outil\/outils-numeriques-au-service-des-itineraires\/","title":{"rendered":"OUTILS NUMERIQUES AU SERVICE DES ITINERAIRES"},"content":{"rendered":"<ul class=\"wp-block-latest-posts__list is-grid columns-2 wp-block-latest-posts\"><li><a class=\"wp-block-latest-posts__post-title\" href=\"https:\/\/www.itineraires-ffrandonnee.fr\/boite_a_outil\/espace-collaboratif-ign\/\">Espace collaboratif IGN<\/a><div class=\"wp-block-latest-posts__post-excerpt\">Pr\u00e9ambule L\u2019Espace collaboratif de l\u2019IGN permet \u00e0 l\u2019Institut de remonter vers la F\u00e9d\u00e9ration des probl\u00e8mes constat\u00e9s sur le terrain (divergences par rapport aux donn\u00e9es de la base f\u00e9d\u00e9rale, probl\u00e8mes de balisage, etc..). Les Comit\u00e9s sont invit\u00e9s \u00e0 mettre en coh\u00e9rence les observations de terrain de l\u2019IGN avec la base f\u00e9d\u00e9rale (mise \u00e0 jour du WebSIG \u2026<\/div><a href=\"https:\/\/www.itineraires-ffrandonnee.fr\/boite_a_outil\/espace-collaboratif-ign\/\" class=\"custom-read-more-btn\">En savoir plus<\/a><\/li>\n<li><a class=\"wp-block-latest-posts__post-title\" href=\"https:\/\/www.itineraires-ffrandonnee.fr\/boite_a_outil\/grille-de-collecte-ffrandonnee\/\">Grille de collecte FFRandonn\u00e9e<\/a><div class=\"wp-block-latest-posts__post-excerpt\">Grille de collecte FFRandonn\u00e9e Fin 2023, un groupe de travail, form\u00e9 de salari\u00e9s, de formateurs et d\u2019administrateurs, s\u2019est mis en place dans le cadre d\u2019une modifciation de la grille de collecte. La Commission nationale Sentiers et Itin\u00e9raires a ent\u00e9rin\u00e9 la nouvelle grille de collecte. La solution choisie est de distinguer deux types de donn\u00e9es : \u2026<\/div><a href=\"https:\/\/www.itineraires-ffrandonnee.fr\/boite_a_outil\/grille-de-collecte-ffrandonnee\/\" class=\"custom-read-more-btn\">En savoir plus<\/a><\/li>\n<li><a class=\"wp-block-latest-posts__post-title\" href=\"https:\/\/www.itineraires-ffrandonnee.fr\/boite_a_outil\/tableau-de-bord-des-signalements-suricate\/\">Tableau de bord des signalements Suricate FFRandonn\u00e9e<\/a><div class=\"wp-block-latest-posts__post-excerpt\">Une D\u00e9marche Simplifi\u00e9e et Interactive Dans le cadre d\u2019une meilleure gestion des signalements Suricate, souvent complexe, nous avons simplifi\u00e9 le processus d\u2019analyse. D\u00e9sormais, un tableau de bord interactif et mis \u00e0 jour en temps r\u00e9el permet un suivi plus efficace et intuitif des signalements. Qu\u2019est-ce que Suricate ? Depuis 2013, la FFRandonn\u00e9e est un acteur \u2026<\/div><a href=\"https:\/\/www.itineraires-ffrandonnee.fr\/boite_a_outil\/tableau-de-bord-des-signalements-suricate\/\" class=\"custom-read-more-btn\">En savoir plus<\/a><\/li>\n<li><a class=\"wp-block-latest-posts__post-title\" href=\"https:\/\/www.itineraires-ffrandonnee.fr\/boite_a_outil\/outdoorvision-un-outil-de-visualisation-des-traces-des-pratiquants\/\">Outdoorvision, un outil de visualisation des traces des pratiquants<\/a><div class=\"wp-block-latest-posts__post-excerpt\">Sommaire: Outdoorvision : l\u2019\u00e9mergence de ce projet Outdoorvision est un outil d\u00e9velopp\u00e9 par le P\u00f4le National des Sports de Nature (PRNSN) permettant de visualiser et d\u2019analyser la pratique des randonneurs ainsi que d\u2019autres activit\u00e9s de plein air sur les territoires, gr\u00e2ce au partage des donn\u00e9es issues des outils num\u00e9riques. Les premiers tests de cette plateforme \u2026<\/div><a href=\"https:\/\/www.itineraires-ffrandonnee.fr\/boite_a_outil\/outdoorvision-un-outil-de-visualisation-des-traces-des-pratiquants\/\" class=\"custom-read-more-btn\">En savoir plus<\/a><\/li>\n<li><a class=\"wp-block-latest-posts__post-title\" href=\"https:\/\/www.itineraires-ffrandonnee.fr\/boite_a_outil\/suivre-la-numerisation-des-itineraires-et-les-promouvoir\/\">La num\u00e9risation des itin\u00e9raires et leur promotion<\/a><div class=\"wp-block-latest-posts__post-excerpt\">ENJEU DE LA NUM\u00c9RISATION VIA BDRANDO (WEBSIG ET PUBLIWEB) a) La num\u00e9risation websig dans le cadre de l\u2019homologation et de la labellisation a.1) Concernant l\u2019homologation des itin\u00e9raires GR\u00ae et GR\u00ae de Pays : Afin d\u2019assurer l\u2019analyse des dossiers d\u2019homologation (avant-projet et projet) soumis par les CDSI \u00e0 leur CRSI, la num\u00e9risation des itin\u00e9raires dans websig \u2026<\/div><a href=\"https:\/\/www.itineraires-ffrandonnee.fr\/boite_a_outil\/suivre-la-numerisation-des-itineraires-et-les-promouvoir\/\" class=\"custom-read-more-btn\">En savoir plus<\/a><\/li>\n<\/ul>\n\n\n<p><\/p>\n","protected":false},"excerpt":{"rendered":"","protected":false},"author":1,"featured_media":0,"parent":0,"menu_order":0,"comment_status":"closed","ping_status":"closed","template":"","meta":{"_acf_changed":false,"footnotes":""},"class_list":["post-445","page","type-page","status-publish","hentry"],"acf":[],"aioseo_notices":[],"jetpack_sharing_enabled":true,"_links":{"self":[{"href":"https:\/\/www.itineraires-ffrandonnee.fr\/boite_a_outil\/wp-json\/wp\/v2\/pages\/445","targetHints":{"allow":["GET"]}}],"collection":[{"href":"https:\/\/www.itineraires-ffrandonnee.fr\/boite_a_outil\/wp-json\/wp\/v2\/pages"}],"about":[{"href":"https:\/\/www.itineraires-ffrandonnee.fr\/boite_a_outil\/wp-json\/wp\/v2\/types\/page"}],"author":[{"embeddable":true,"href":"https:\/\/www.itineraires-ffrandonnee.fr\/boite_a_outil\/wp-json\/wp\/v2\/users\/1"}],"replies":[{"embeddable":true,"href":"https:\/\/www.itineraires-ffrandonnee.fr\/boite_a_outil\/wp-json\/wp\/v2\/comments?post=445"}],"version-history":[{"count":8,"href":"https:\/\/www.itineraires-ffrandonnee.fr\/boite_a_outil\/wp-json\/wp\/v2\/pages\/445\/revisions"}],"predecessor-version":[{"id":1193,"href":"https:\/\/www.itineraires-ffrandonnee.fr\/boite_a_outil\/wp-json\/wp\/v2\/pages\/445\/revisions\/1193"}],"wp:attachment":[{"href":"https:\/\/www.itineraires-ffrandonnee.fr\/boite_a_outil\/wp-json\/wp\/v2\/media?parent=445"}],"curies":[{"name":"wp","href":"https:\/\/api.w.org\/{rel}","templated":true}]}}