{"id":252,"date":"2024-07-09T09:30:29","date_gmt":"2024-07-09T07:30:29","guid":{"rendered":"https:\/\/mesprojets1219.fr\/boite_a_outil\/?page_id=252"},"modified":"2026-02-19T14:49:12","modified_gmt":"2026-02-19T13:49:12","slug":"prestation-de-service","status":"publish","type":"page","link":"https:\/\/www.itineraires-ffrandonnee.fr\/boite_a_outil\/prestation-de-service\/","title":{"rendered":"Prestations de service"},"content":{"rendered":"\n<div class=\"wp-block-media-text is-stacked-on-mobile\" style=\"grid-template-columns:40% auto\"><figure class=\"wp-block-media-text__media\"><img loading=\"lazy\" decoding=\"async\" width=\"1024\" height=\"680\" src=\"https:\/\/www.itineraires-ffrandonnee.fr\/boite_a_outil\/wp-content\/uploads\/2026\/02\/Balisage-et-entretien-Mesure-pour-pose-balisage-sur-poteau-1-\u00a9-Nicolas-Vincent-1-1024x680.jpg\" alt=\"\" class=\"wp-image-2515 size-full\" srcset=\"https:\/\/www.itineraires-ffrandonnee.fr\/boite_a_outil\/wp-content\/uploads\/2026\/02\/Balisage-et-entretien-Mesure-pour-pose-balisage-sur-poteau-1-\u00a9-Nicolas-Vincent-1-1024x680.jpg 1024w, https:\/\/www.itineraires-ffrandonnee.fr\/boite_a_outil\/wp-content\/uploads\/2026\/02\/Balisage-et-entretien-Mesure-pour-pose-balisage-sur-poteau-1-\u00a9-Nicolas-Vincent-1-300x199.jpg 300w, https:\/\/www.itineraires-ffrandonnee.fr\/boite_a_outil\/wp-content\/uploads\/2026\/02\/Balisage-et-entretien-Mesure-pour-pose-balisage-sur-poteau-1-\u00a9-Nicolas-Vincent-1-768x510.jpg 768w, https:\/\/www.itineraires-ffrandonnee.fr\/boite_a_outil\/wp-content\/uploads\/2026\/02\/Balisage-et-entretien-Mesure-pour-pose-balisage-sur-poteau-1-\u00a9-Nicolas-Vincent-1-1536x1021.jpg 1536w, https:\/\/www.itineraires-ffrandonnee.fr\/boite_a_outil\/wp-content\/uploads\/2026\/02\/Balisage-et-entretien-Mesure-pour-pose-balisage-sur-poteau-1-\u00a9-Nicolas-Vincent-1-2048x1361.jpg 2048w, https:\/\/www.itineraires-ffrandonnee.fr\/boite_a_outil\/wp-content\/uploads\/2026\/02\/Balisage-et-entretien-Mesure-pour-pose-balisage-sur-poteau-1-\u00a9-Nicolas-Vincent-1-451x300.jpg 451w\" sizes=\"auto, (max-width: 1024px) 100vw, 1024px\" \/><\/figure><div class=\"wp-block-media-text__content\">\n<h4 class=\"wp-block-heading has-text-align-center\">Vous souhaitez vous positionner comme prestataire de services ? <\/h4>\n\n\n\n<p><\/p>\n\n\n\n<p class=\"has-text-align-left\">Retrouvez dans cette rubrique les \u00e9l\u00e9ments cl\u00e9s pour mieux r\u00e9pondre aux attentes des collectivit\u00e9s. Comment valoriser votre expertise ? Quelles prestations proposer ? \u00c0 quel prix ?<br><\/p>\n\n\n\n<p class=\"has-text-align-left\">Vous y trouverez des rep\u00e8res tarifaires et des fiches pratiques t\u00e9l\u00e9chargeables mais \u00e9galement des informations r\u00e9glementaires et juridiques utiles.<br>Un guide complet pour structurer et s\u00e9curiser vos d\u00e9marches aupr\u00e8s des partenaires publics.<\/p>\n\n\n\n<div class=\"wp-block-buttons is-content-justification-center is-layout-flex wp-container-core-buttons-is-layout-16018d1d wp-block-buttons-is-layout-flex\">\n<div class=\"wp-block-button\"><a class=\"wp-block-button__link wp-element-button\" href=\"https:\/\/www.itineraires-ffrandonnee.fr\/boite_a_outil\/expertise-et-prestations\/\" target=\"_blank\" rel=\"noreferrer noopener\">Vers la page <\/a><\/div>\n<\/div>\n\n\n\n<p>\u00a9 Nicolas Vincent<\/p>\n<\/div><\/div>\n\n\n\n<div class=\"wp-block-media-text has-media-on-the-right is-stacked-on-mobile\" style=\"grid-template-columns:auto 40%\"><div class=\"wp-block-media-text__content\">\n<h4 class=\"wp-block-heading has-text-align-center\">A la recherche d&rsquo;exemples ?<\/h4>\n\n\n\n<p><\/p>\n\n\n\n<p>Retrouvez ici des exemples d&rsquo;actions mises en \u0153uvre par les comit\u00e9s d\u00e9partementaux et inspirez-vous de vos pairs !<br>Un espace ressource pour d\u00e9velopper et enrichir votre offre de services : initiatives, savoir-faire et accompagnements de collectivit\u00e9s.<\/p>\n\n\n\n<p>En cours de construction&#8230;<\/p>\n\n\n\n<div class=\"wp-block-buttons is-content-justification-center is-layout-flex wp-container-core-buttons-is-layout-16018d1d wp-block-buttons-is-layout-flex\">\n<div class=\"wp-block-button\"><a class=\"wp-block-button__link wp-element-button\">Vers la page <\/a><\/div>\n<\/div>\n<\/div><figure class=\"wp-block-media-text__media\"><img loading=\"lazy\" decoding=\"async\" width=\"759\" height=\"720\" src=\"https:\/\/www.itineraires-ffrandonnee.fr\/boite_a_outil\/wp-content\/uploads\/2026\/02\/Projecteur.webp\" alt=\"\" class=\"wp-image-2513 size-full\" srcset=\"https:\/\/www.itineraires-ffrandonnee.fr\/boite_a_outil\/wp-content\/uploads\/2026\/02\/Projecteur.webp 759w, https:\/\/www.itineraires-ffrandonnee.fr\/boite_a_outil\/wp-content\/uploads\/2026\/02\/Projecteur-300x285.webp 300w, https:\/\/www.itineraires-ffrandonnee.fr\/boite_a_outil\/wp-content\/uploads\/2026\/02\/Projecteur-316x300.webp 316w\" sizes=\"auto, (max-width: 759px) 100vw, 759px\" \/><\/figure><\/div>\n\n\n\n<p><\/p>\n","protected":false},"excerpt":{"rendered":"","protected":false},"author":1,"featured_media":0,"parent":0,"menu_order":0,"comment_status":"closed","ping_status":"closed","template":"","meta":{"_acf_changed":false,"footnotes":""},"class_list":["post-252","page","type-page","status-publish","hentry"],"acf":[],"aioseo_notices":[],"jetpack_sharing_enabled":true,"_links":{"self":[{"href":"https:\/\/www.itineraires-ffrandonnee.fr\/boite_a_outil\/wp-json\/wp\/v2\/pages\/252","targetHints":{"allow":["GET"]}}],"collection":[{"href":"https:\/\/www.itineraires-ffrandonnee.fr\/boite_a_outil\/wp-json\/wp\/v2\/pages"}],"about":[{"href":"https:\/\/www.itineraires-ffrandonnee.fr\/boite_a_outil\/wp-json\/wp\/v2\/types\/page"}],"author":[{"embeddable":true,"href":"https:\/\/www.itineraires-ffrandonnee.fr\/boite_a_outil\/wp-json\/wp\/v2\/users\/1"}],"replies":[{"embeddable":true,"href":"https:\/\/www.itineraires-ffrandonnee.fr\/boite_a_outil\/wp-json\/wp\/v2\/comments?post=252"}],"version-history":[{"count":88,"href":"https:\/\/www.itineraires-ffrandonnee.fr\/boite_a_outil\/wp-json\/wp\/v2\/pages\/252\/revisions"}],"predecessor-version":[{"id":2516,"href":"https:\/\/www.itineraires-ffrandonnee.fr\/boite_a_outil\/wp-json\/wp\/v2\/pages\/252\/revisions\/2516"}],"wp:attachment":[{"href":"https:\/\/www.itineraires-ffrandonnee.fr\/boite_a_outil\/wp-json\/wp\/v2\/media?parent=252"}],"curies":[{"name":"wp","href":"https:\/\/api.w.org\/{rel}","templated":true}]}}