{"id":10,"date":"2024-06-20T14:48:30","date_gmt":"2024-06-20T12:48:30","guid":{"rendered":"https:\/\/mesprojets1219.fr\/boite_a_outil\/?page_id=10"},"modified":"2026-02-13T09:11:50","modified_gmt":"2026-02-13T08:11:50","slug":"la-boite-a-outil-csi","status":"publish","type":"page","link":"https:\/\/www.itineraires-ffrandonnee.fr\/boite_a_outil\/","title":{"rendered":"La boite \u00e0 outils CSI"},"content":{"rendered":"\n<p id=\"paragraph_dxsEeiNQS46\">Cette bo\u00eete \u00e0 outils est principalement destin\u00e9e aux pr\u00e9sidents des<mark style=\"background-color:rgba(0, 0, 0, 0)\" class=\"has-inline-color has-accent-1-color\"> <strong>Commissions Sentiers et Itin\u00e9raires (CSI)<\/strong> <\/mark>d\u00e9partementales et r\u00e9gionales, mais certaines rubriques peuvent \u00e9galement \u00eatre utiles \u00e0 toute personne (b\u00e9n\u00e9vole ou salari\u00e9.e) investie dans les activit\u00e9s li\u00e9es aux itin\u00e9raires. Elle a pour objectif majeur d&rsquo;accompagner les CSI dans l\u2019accomplissement des missions qui leur sont confi\u00e9es, conform\u00e9ment aux statuts des comit\u00e9s r\u00e9gionaux en vigueur. Elle n\u2019a pas vocation \u00e0 uniformiser leur mode de fonctionnement, mais \u00e0 partager les exp\u00e9riences et les outils qui fonctionnent et qui sont d\u00e9ploy\u00e9s. Le but de cet exercice est de mieux travailler ensemble, de proposer des leviers d\u2019action et de partager des outils. Pour les CRSI, il s&rsquo;agira plus particuli\u00e8rement :<\/p>\n\n\n\n<ul class=\"wp-block-list\">\n<li>D\u2019accompagner les Commissions  D\u00e9partementales Sentiers et Itin\u00e9raires (CDSI) dans leurs missions<\/li>\n\n\n\n<li>D\u2019apporter un soutien politique et technique aux CDSI<\/li>\n\n\n\n<li>De coordonner leurs missions et de veiller \u00e0 mobiliser des ressources quand cela est n\u00e9cessaire<\/li>\n\n\n\n<li>De faire circuler les informations et de veiller \u00e0 la bonne coh\u00e9sion de l\u2019\u00e9quipe CRSI<\/li>\n<\/ul>\n\n\n\n<p id=\"paragraph_1ksEeitPS46\"><em>La majorit\u00e9 des documents pr\u00e9sents dans la bo\u00eete \u00e0 outils ont \u00e9t\u00e9 r\u00e9dig\u00e9s par le service Am\u00e9nagement et Protection des Sentiers et Itin\u00e9raires (APSI). Dans le cas contraire, l&rsquo;auteur sera indiqu\u00e9.<\/em><\/p>\n\n\n\n<div style=\"height:29px\" aria-hidden=\"true\" class=\"wp-block-spacer\"><\/div>\n\n\n\n<p id=\"paragraph_1ksEeitPS46\"><\/p>\n\n\n\n<style>\n  .wp-mosaic {\n    display: grid;\n    grid-template-columns: repeat(3, 1fr);\n    grid-auto-rows: 150px;            \/* unit\u00e9 homog\u00e8ne *\/\n    gap: 16px;\n    font-size: 24px;\n  }\n\n  .wp-mosaic a.card {\n    position: relative;\n    display: block;\n    width: 100%;\n    height: 100%;\n    border-radius: 7px;\n    overflow: hidden;\n    text-decoration: none;\n    border: 2px solid rgba(0,0,0,.08);\n    background: #f5f5f5;\n    transition: transform .15s ease, box-shadow .15s ease;\n  }\n\n  .wp-mosaic a.card:hover {\n    transform: translateY(-2px);\n    box-shadow: 0 10px 22px rgba(0,0,0,.12);\n  }\n\n  .wp-mosaic .card img {\n    width: 100%;\n    height: 100%;\n    object-fit: cover;\n    display: block;\n    filter: brightness(.72);\n    transform: scale(1.02);\n  }\n\n  .wp-mosaic .card .label {\n    position: absolute;\n    inset: 0;\n    display: flex;\n    align-items: center;\n    justify-content: center;\n    padding: 14px;\n    text-align: center;\n    font-weight: 700;\n    color: #fff;\n    letter-spacing: .2px;\n    text-shadow: 0 2px 10px rgba(0,0,0,.45);\n  }\n\n  \/* Placement (comme ton dessin) *\/\n  .wp-mosaic .c1 { grid-column: 1 \/ 4; grid-row: 1; }          \/* bandeau *\/\n  .wp-mosaic .c2 { grid-column: 1; grid-row: 2; }\n  .wp-mosaic .c3 { grid-column: 2; grid-row: 2; }\n  .wp-mosaic .c4 { grid-column: 3; grid-row: 2; }\n\n  .wp-mosaic .c5 { grid-column: 1 \/ 3; grid-row: 3 \/ 5; }      \/* grand bloc (2x2) *\/\n  .wp-mosaic .c6 { grid-column: 3; grid-row: 3; }              \/* petit \u00e0 droite haut *\/\n  .wp-mosaic .c7 { grid-column: 3; grid-row: 4; }              \/* petit \u00e0 droite bas *\/\n\n  .wp-mosaic .c8 { grid-column: 1 \/ 3; grid-row: 5; }          \/* bas gauche (2 colonnes) *\/\n  .wp-mosaic .c9 { grid-column: 3; grid-row: 5; }              \/* bas droite *\/\n\n  \/* Responsive *\/\n  @media (max-width: 900px) {\n    .wp-mosaic { grid-template-columns: repeat(2, 1fr); }\n    .wp-mosaic .c1 { grid-column: 1 \/ 3; }\n    .wp-mosaic .c4 { grid-column: 1 \/ 3; }                     \/* la 3e petite passe pleine largeur *\/\n    .wp-mosaic .c5 { grid-column: 1 \/ 3; }                     \/* grand bloc pleine largeur *\/\n    .wp-mosaic .c6, .wp-mosaic .c7 { grid-column: auto; }\n    .wp-mosaic .c8 { grid-column: 1 \/ 3; }\n    .wp-mosaic .c9 { grid-column: 1 \/ 3; }\n  }\n\n  @media (max-width: 520px) {\n    .wp-mosaic { grid-template-columns: 1fr; }\n    .wp-mosaic .c1,\n    .wp-mosaic .c2, .wp-mosaic .c3, .wp-mosaic .c4,\n    .wp-mosaic .c5, .wp-mosaic .c6, .wp-mosaic .c7,\n    .wp-mosaic .c8, .wp-mosaic .c9 { grid-column: 1; grid-row: auto; }\n    .wp-mosaic .c5 { grid-row: auto; }                         \/* le grand bloc redevient \u201cnormal\u201d sur mobile *\/\n  }\n<\/style>\n\n<div class=\"wp-mosaic\">\n  <!-- 1) Bandeau -->\n  <a class=\"card c1\" href=\"https:\/\/www.itineraires-ffrandonnee.fr\/boite_a_outil\/organisation-commission-sentiers-et-itineraires\/\">\n    <img decoding=\"async\" src=\"https:\/\/www.itineraires-ffrandonnee.fr\/boite_a_outil\/wp-content\/uploads\/2026\/02\/pexels-photo-3184311-1.jpeg\" alt=\"Titre 1\">\n    <div class=\"label\">ORGANISATION DE LA CSI  <\/div>\n  <\/a>\n\n  <!-- 2) 3 petites -->\n  <a class=\"card c2\" href=\"https:\/\/www.itineraires-ffrandonnee.fr\/boite_a_outil\/amenagement-du-territoire\/\">\n    <img decoding=\"async\" src=\"https:\/\/www.itineraires-ffrandonnee.fr\/boite_a_outil\/wp-content\/uploads\/2025\/07\/Balisage-et-entretien-Mesure-pour-pose-balisage-sur-poteau-1-\u00a9-Nicolas-Vincent-scaled.jpg\" alt=\"Titre 2\">\n    <div class=\"label\"> AM\u00c9NAGEMENT DU TERRITOIRE <\/div>\n  <\/a>\n\n  <a class=\"card c3\" href=\"https:\/\/www.itineraires-ffrandonnee.fr\/boite_a_outil\/balisage-et-entretien\/\">\n    <img decoding=\"async\" src=\"https:\/\/www.itineraires-ffrandonnee.fr\/boite_a_outil\/wp-content\/uploads\/2025\/11\/Balisage-GR-\u00a9FFRandonnee_Johannes-Braun_DSC_7662-scaled.jpg\" alt=\"Titre 3\">\n    <div class=\"label\">BALISAGE ET ENTRETIEN<\/div>\n  <\/a>\n\n  <a class=\"card c4\" href=\"https:\/\/www.itineraires-ffrandonnee.fr\/boite_a_outil\/environnement-et-defense-des-chemins\/\">\n    <img decoding=\"async\" src=\"https:\/\/www.itineraires-ffrandonnee.fr\/boite_a_outil\/wp-content\/uploads\/2026\/02\/MGRPS07E08_Charente-Maritime-2-scaled-1.jpg\" alt=\"Titre 4\">\n    <div class=\"label\">ENVIRONNEMENT ET D\u00c9FENSE DES CHEMINS<\/div>\n  <\/a>\n\n  <!-- 3) Grand + 2 empil\u00e9es \u00e0 droite -->\n  <a class=\"card c5\" href=\"https:\/\/www.itineraires-ffrandonnee.fr\/boite_a_outil\/documents-federaux\/\">\n    <img decoding=\"async\" src=\"https:\/\/www.itineraires-ffrandonnee.fr\/boite_a_outil\/wp-content\/uploads\/2025\/11\/\u00a9AdobeStock_282848546-scaled.jpeg\" alt=\"Titre 5\">\n    <div class=\"label\">DOCUMENTS FEDERAUX<\/div>\n  <\/a>\n\n  <a class=\"card c6\" href=\"https:\/\/www.itineraires-ffrandonnee.fr\/boite_a_outil\/edition-et-publication\/\">\n    <img decoding=\"async\" src=\"https:\/\/www.itineraires-ffrandonnee.fr\/boite_a_outil\/wp-content\/uploads\/2026\/02\/hBlGlEl0-sn-Sl.jpg\" alt=\"Titre 6\">\n    <div class=\"label\">EDITION ET PUBLICATION<\/div>\n  <\/a>\n\n  <a class=\"card c7\" href=\"https:\/\/www.itineraires-ffrandonnee.fr\/boite_a_outil\/outils-numeriques-au-service-des-itineraires\/\">\n    <img decoding=\"async\" src=\"https:\/\/www.itineraires-ffrandonnee.fr\/boite_a_outil\/wp-content\/uploads\/2025\/07\/Gestionnaire-Donnee-Geographique2.png\" alt=\"Titre 7\">\n    <div class=\"label\">OUTILS NUMERIQUES AU SERVICE DES ITINERAIRES<\/div>\n  <\/a>\n\n  <!-- 4) Bas -->\n  <a class=\"card c8\" href=\"https:\/\/www.itineraires-ffrandonnee.fr\/boite_a_outil\/expertise-et-prestations\/\">\n    <img decoding=\"async\" src=\"https:\/\/www.itineraires-ffrandonnee.fr\/boite_a_outil\/wp-content\/uploads\/2025\/07\/Administrateur-local-BDRando1.png\" alt=\"Titre 8\">\n    <div class=\"label\"> EXPERTISE ET PRESTATIONS<\/div>\n  <\/a>\n\n  <a class=\"card c9\" href=\"https:\/\/www.itineraires-ffrandonnee.fr\/boite_a_outil\/les-partenaires-institutionnels-autour-des-itineraires\/\">\n    <img decoding=\"async\" src=\"https:\/\/www.itineraires-ffrandonnee.fr\/boite_a_outil\/wp-content\/uploads\/2025\/11\/business-962355_640-1.jpg\" alt=\"Titre 9\">\n    <div class=\"label\"> PARTENAIRES INSTITUTIONNELS<\/div>\n  <\/a>\n<\/div>\n","protected":false},"excerpt":{"rendered":"<p>Cette bo\u00eete \u00e0 outils est principalement destin\u00e9e aux pr\u00e9sidents des Commissions Sentiers et Itin\u00e9raires (CSI) d\u00e9partementales et r\u00e9gionales, mais certaines rubriques peuvent \u00e9galement \u00eatre utiles &hellip;<\/p>\n","protected":false},"author":1,"featured_media":0,"parent":0,"menu_order":0,"comment_status":"closed","ping_status":"closed","template":"","meta":{"_acf_changed":false,"footnotes":""},"class_list":["post-10","page","type-page","status-publish","hentry"],"acf":[],"aioseo_notices":[],"jetpack_sharing_enabled":true,"_links":{"self":[{"href":"https:\/\/www.itineraires-ffrandonnee.fr\/boite_a_outil\/wp-json\/wp\/v2\/pages\/10","targetHints":{"allow":["GET"]}}],"collection":[{"href":"https:\/\/www.itineraires-ffrandonnee.fr\/boite_a_outil\/wp-json\/wp\/v2\/pages"}],"about":[{"href":"https:\/\/www.itineraires-ffrandonnee.fr\/boite_a_outil\/wp-json\/wp\/v2\/types\/page"}],"author":[{"embeddable":true,"href":"https:\/\/www.itineraires-ffrandonnee.fr\/boite_a_outil\/wp-json\/wp\/v2\/users\/1"}],"replies":[{"embeddable":true,"href":"https:\/\/www.itineraires-ffrandonnee.fr\/boite_a_outil\/wp-json\/wp\/v2\/comments?post=10"}],"version-history":[{"count":80,"href":"https:\/\/www.itineraires-ffrandonnee.fr\/boite_a_outil\/wp-json\/wp\/v2\/pages\/10\/revisions"}],"predecessor-version":[{"id":2472,"href":"https:\/\/www.itineraires-ffrandonnee.fr\/boite_a_outil\/wp-json\/wp\/v2\/pages\/10\/revisions\/2472"}],"wp:attachment":[{"href":"https:\/\/www.itineraires-ffrandonnee.fr\/boite_a_outil\/wp-json\/wp\/v2\/media?parent=10"}],"curies":[{"name":"wp","href":"https:\/\/api.w.org\/{rel}","templated":true}]}}